{"id":2908,"date":"2024-08-23T00:07:45","date_gmt":"2024-08-22T22:07:45","guid":{"rendered":"https:\/\/crescit.se\/?page_id=2908"},"modified":"2025-06-01T13:42:24","modified_gmt":"2025-06-01T12:42:24","slug":"investera","status":"publish","type":"page","link":"https:\/\/crescit.se\/en\/investera\/","title":{"rendered":"Invest"},"content":{"rendered":"<div data-elementor-type=\"wp-page\" data-elementor-id=\"2908\" class=\"elementor elementor-2908\" data-elementor-post-type=\"page\">\n\t\t\t\t<div class=\"elementor-element elementor-element-5694c62e e-flex e-con-boxed e-con e-parent\" data-id=\"5694c62e\" data-element_type=\"container\" data-e-type=\"container\" data-settings=\"{&quot;background_background&quot;:&quot;classic&quot;}\">\n\t\t\t\t\t<div class=\"e-con-inner\">\n\t\t<div class=\"elementor-element elementor-element-1c18d6bb e-flex e-con-boxed e-con e-child\" data-id=\"1c18d6bb\" data-element_type=\"container\" data-e-type=\"container\">\n\t\t\t\t\t<div class=\"e-con-inner\">\n\t\t\t\t<div class=\"elementor-element elementor-element-7c176001 elementor-invisible elementor-widget elementor-widget-heading\" data-id=\"7c176001\" data-element_type=\"widget\" data-e-type=\"widget\" data-settings=\"{&quot;_animation&quot;:&quot;fadeInUp&quot;,&quot;_animation_delay&quot;:200}\" data-widget_type=\"heading.default\">\n\t\t\t\t<div class=\"elementor-widget-container\">\n\t\t\t\t\t<h1 class=\"elementor-heading-title elementor-size-default\">Invest<\/h1>\t\t\t\t<\/div>\n\t\t\t\t<\/div>\n\t\t\t\t<div class=\"elementor-element elementor-element-64ac4364 elementor-invisible elementor-widget elementor-widget-heading\" data-id=\"64ac4364\" data-element_type=\"widget\" data-e-type=\"widget\" data-settings=\"{&quot;_animation&quot;:&quot;fadeInUp&quot;,&quot;_animation_delay&quot;:300}\" data-widget_type=\"heading.default\">\n\t\t\t\t<div class=\"elementor-widget-container\">\n\t\t\t\t\t<h4 class=\"elementor-heading-title elementor-size-default\">How can I invest?<\/h4>\t\t\t\t<\/div>\n\t\t\t\t<\/div>\n\t\t\t\t\t<\/div>\n\t\t\t\t<\/div>\n\t\t\t\t\t<\/div>\n\t\t\t\t<\/div>\n\t\t<div class=\"elementor-element elementor-element-745c859e e-flex e-con-boxed e-con e-parent\" data-id=\"745c859e\" data-element_type=\"container\" data-e-type=\"container\" data-settings=\"{&quot;background_background&quot;:&quot;classic&quot;}\">\n\t\t\t\t\t<div class=\"e-con-inner\">\n\t\t\t\t<div class=\"elementor-element elementor-element-b482945 elementor-widget elementor-widget-heading\" data-id=\"b482945\" data-element_type=\"widget\" data-e-type=\"widget\" data-widget_type=\"heading.default\">\n\t\t\t\t<div class=\"elementor-widget-container\">\n\t\t\t\t\t<h2 class=\"elementor-heading-title elementor-size-default\">Invest directly<\/h2>\t\t\t\t<\/div>\n\t\t\t\t<\/div>\n\t\t\t\t\t<\/div>\n\t\t\t\t<\/div>\n\t\t<div class=\"elementor-element elementor-element-9628803 e-flex e-con-boxed e-con e-parent\" data-id=\"9628803\" data-element_type=\"container\" data-e-type=\"container\">\n\t\t\t\t\t<div class=\"e-con-inner\">\n\t\t<div class=\"elementor-element elementor-element-ce7e1d8 e-con-full e-flex e-con e-child\" data-id=\"ce7e1d8\" data-element_type=\"container\" data-e-type=\"container\" data-settings=\"{&quot;background_background&quot;:&quot;classic&quot;}\">\n\t\t\t\t<div class=\"elementor-element elementor-element-5ea0d02 elementor-widget elementor-widget-icon-box\" data-id=\"5ea0d02\" data-element_type=\"widget\" data-e-type=\"widget\" data-widget_type=\"icon-box.default\">\n\t\t\t\t<div class=\"elementor-widget-container\">\n\t\t\t\t\t\t\t<div class=\"elementor-icon-box-wrapper\">\n\n\t\t\t\n\t\t\t\t\t\t<div class=\"elementor-icon-box-content\">\n\n\t\t\t\t\t\t\t\t\t<div class=\"elementor-icon-box-title\">\n\t\t\t\t\t\t<span  >\n\t\t\t\t\t\t\tInvest directly with the fund company\t\t\t\t\t\t<\/span>\n\t\t\t\t\t<\/div>\n\t\t\t\t\n\t\t\t\t\t\t\t\t\t<p class=\"elementor-icon-box-description\">\n\t\t\t\t\t\tBy subscribing to shares directly with the fund company, you become a customer without intermediaries. We take care of the administration and provide you as a unit owner with invoices and monthly and annual value statements. <br><br>Click on the link below to find complete information about the fund you are interested in, as well as the respective fund&#039;s subscription notification.<br><br>Remember that anyone who wishes to subscribe for fund units in the Crescit fund must notify Crescit Asset Management AB in writing no later than five banking days before the last banking day for the current month. The Protect fund is traded daily and notification applies two days before the trading day. This written notification is made on the Purchase Notification form above for natural and legal persons. The form is printed, filled in, signed and sent to us together with any other necessary documents (see the application form). Remember that all copies must be certified. <br>The drawing is binding. \t\t\t\t\t<\/p>\n\t\t\t\t\n\t\t\t<\/div>\n\t\t\t\n\t\t<\/div>\n\t\t\t\t\t\t<\/div>\n\t\t\t\t<\/div>\n\t\t<div class=\"elementor-element elementor-element-5162325 e-grid e-con-full e-con e-child\" data-id=\"5162325\" data-element_type=\"container\" data-e-type=\"container\">\n\t\t\t\t<div class=\"elementor-element elementor-element-ca290cf elementor-widget__width-initial elementor-align-center elementor-widget elementor-widget-button\" data-id=\"ca290cf\" data-element_type=\"widget\" data-e-type=\"widget\" data-widget_type=\"button.default\">\n\t\t\t\t<div class=\"elementor-widget-container\">\n\t\t\t\t\t\t\t\t\t<div class=\"elementor-button-wrapper\">\n\t\t\t\t\t<a class=\"elementor-button elementor-button-link elementor-size-sm\" href=\"https:\/\/crescit.se\/en\/fonder\/crescit\/#crescitteckning\">\n\t\t\t\t\t\t<span class=\"elementor-button-content-wrapper\">\n\t\t\t\t\t\t<span class=\"elementor-button-icon\">\n\t\t\t\t<svg aria-hidden=\"true\" class=\"e-font-icon-svg e-fas-long-arrow-alt-right\" viewbox=\"0 0 448 512\" xmlns=\"http:\/\/www.w3.org\/2000\/svg\"><path d=\"M313.941 216H12c-6.627 0-12 5.373-12 12v56c0 6.627 5.373 12 12 12h301.941v46.059c0 21.382 25.851 32.09 40.971 16.971l86.059-86.059c9.373-9.373 9.373-24.569 0-33.941l-86.059-86.059c-15.119-15.119-40.971-4.411-40.971 16.971V216z\"><\/path><\/svg>\t\t\t<\/span>\n\t\t\t\t\t\t\t\t\t<span class=\"elementor-button-text\">Crescit<\/span>\n\t\t\t\t\t<\/span>\n\t\t\t\t\t<\/a>\n\t\t\t\t<\/div>\n\t\t\t\t\t\t\t\t<\/div>\n\t\t\t\t<\/div>\n\t\t\t\t<div class=\"elementor-element elementor-element-df2c719 elementor-widget__width-initial elementor-align-center elementor-widget elementor-widget-button\" data-id=\"df2c719\" data-element_type=\"widget\" data-e-type=\"widget\" data-widget_type=\"button.default\">\n\t\t\t\t<div class=\"elementor-widget-container\">\n\t\t\t\t\t\t\t\t\t<div class=\"elementor-button-wrapper\">\n\t\t\t\t\t<a class=\"elementor-button elementor-button-link elementor-size-sm\" href=\"https:\/\/crescit.se\/en\/fonder\/protect\/#investera\">\n\t\t\t\t\t\t<span class=\"elementor-button-content-wrapper\">\n\t\t\t\t\t\t<span class=\"elementor-button-icon\">\n\t\t\t\t<svg aria-hidden=\"true\" class=\"e-font-icon-svg e-fas-long-arrow-alt-right\" viewbox=\"0 0 448 512\" xmlns=\"http:\/\/www.w3.org\/2000\/svg\"><path d=\"M313.941 216H12c-6.627 0-12 5.373-12 12v56c0 6.627 5.373 12 12 12h301.941v46.059c0 21.382 25.851 32.09 40.971 16.971l86.059-86.059c9.373-9.373 9.373-24.569 0-33.941l-86.059-86.059c-15.119-15.119-40.971-4.411-40.971 16.971V216z\"><\/path><\/svg>\t\t\t<\/span>\n\t\t\t\t\t\t\t\t\t<span class=\"elementor-button-text\">Protect<\/span>\n\t\t\t\t\t<\/span>\n\t\t\t\t\t<\/a>\n\t\t\t\t<\/div>\n\t\t\t\t\t\t\t\t<\/div>\n\t\t\t\t<\/div>\n\t\t\t\t<\/div>\n\t\t\t\t<\/div>\n\t\t\t\t\t<\/div>\n\t\t\t\t<\/div>\n\t\t<div class=\"elementor-element elementor-element-5a39a676 e-flex e-con-boxed e-con e-parent\" data-id=\"5a39a676\" data-element_type=\"container\" data-e-type=\"container\" data-settings=\"{&quot;background_background&quot;:&quot;classic&quot;}\">\n\t\t\t\t\t<div class=\"e-con-inner\">\n\t\t<div class=\"elementor-element elementor-element-67ca91d6 e-flex e-con-boxed elementor-invisible e-con e-child\" data-id=\"67ca91d6\" data-element_type=\"container\" data-e-type=\"container\" data-settings=\"{&quot;animation&quot;:&quot;fadeInUp&quot;}\">\n\t\t\t\t\t<div class=\"e-con-inner\">\n\t\t\t\t<div class=\"elementor-element elementor-element-6d876122 elementor-widget elementor-widget-text-editor\" data-id=\"6d876122\" data-element_type=\"widget\" data-e-type=\"widget\" data-widget_type=\"text-editor.default\">\n\t\t\t\t<div class=\"elementor-widget-container\">\n\t\t\t\t\t\t\t\t\t<p><span style=\"font-family: var( --e-global-typography-69c152f-font-family ), Sans-serif; font-size: var( --e-global-typography-69c152f-font-size ); font-weight: var( --e-global-typography-69c152f-font-weight ); color: var( --e-global-color-primary ); font-style: var( --e-global-typography-b2ce6af-font-style ); text-transform: var( --e-global-typography-b2ce6af-text-transform );\">When subscribing to fund shares, the deposit must also be available to Crescit Asset Management AB no later than three banking days before the last banking day for the current month.<\/span><\/p>\t\t\t\t\t\t\t\t<\/div>\n\t\t\t\t<\/div>\n\t\t\t\t\t<\/div>\n\t\t\t\t<\/div>\n\t\t\t\t\t<\/div>\n\t\t\t\t<\/div>\n\t\t<div class=\"elementor-element elementor-element-undefined-332def8 e-flex e-con-boxed e-con e-parent\" data-id=\"undefined-332def8\" data-element_type=\"container\" data-e-type=\"container\" data-settings=\"{&quot;background_background&quot;:&quot;classic&quot;}\">\n\t\t\t\t\t<div class=\"e-con-inner\">\n\t\t\t\t<div class=\"elementor-element elementor-element-undefined-f658b43 elementor-widget elementor-widget-heading\" data-id=\"undefined-f658b43\" data-element_type=\"widget\" data-e-type=\"widget\" data-widget_type=\"heading.default\">\n\t\t\t\t<div class=\"elementor-widget-container\">\n\t\t\t\t\t<h2 class=\"elementor-heading-title elementor-size-default\">Invest through third parties<\/h2>\t\t\t\t<\/div>\n\t\t\t\t<\/div>\n\t\t<div class=\"elementor-element elementor-element-undefined-15a031a e-flex e-con-boxed e-con e-child\" data-id=\"undefined-15a031a\" data-element_type=\"container\" data-e-type=\"container\">\n\t\t\t\t\t<div class=\"e-con-inner\">\n\t\t<div class=\"elementor-element elementor-element-undefined-096251d e-flex e-con-boxed e-con e-child\" data-id=\"undefined-096251d\" data-element_type=\"container\" data-e-type=\"container\">\n\t\t\t\t\t<div class=\"e-con-inner\">\n\t\t\t\t<div class=\"elementor-element elementor-element-undefined-a999cd9 elementor-widget-mobile__width-initial elementor-widget elementor-widget-image\" data-id=\"undefined-a999cd9\" data-element_type=\"widget\" data-e-type=\"widget\" data-widget_type=\"image.default\">\n\t\t\t\t<div class=\"elementor-widget-container\">\n\t\t\t\t\t\t\t\t\t\t\t\t\t\t\t<img fetchpriority=\"high\" decoding=\"async\" width=\"768\" height=\"298\" src=\"https:\/\/crescit.se\/wp-content\/uploads\/2024\/09\/nordnet_newlogo-768x298-1.webp\" class=\"elementor-animation-grow attachment-large size-large wp-image-2976\" alt=\"\" srcset=\"https:\/\/crescit.se\/wp-content\/uploads\/2024\/09\/nordnet_newlogo-768x298-1.webp 768w, https:\/\/crescit.se\/wp-content\/uploads\/2024\/09\/nordnet_newlogo-768x298-1-300x116.webp 300w, https:\/\/crescit.se\/wp-content\/uploads\/2024\/09\/nordnet_newlogo-768x298-1-18x7.webp 18w\" sizes=\"(max-width: 768px) 100vw, 768px\" \/>\t\t\t\t\t\t\t\t\t\t\t\t\t\t\t<\/div>\n\t\t\t\t<\/div>\n\t\t\t\t<div class=\"elementor-element elementor-element-undefined-60d7ccf elementor-widget-mobile__width-initial elementor-hidden-desktop elementor-hidden-tablet elementor-hidden-mobile elementor-widget elementor-widget-image\" data-id=\"undefined-60d7ccf\" data-element_type=\"widget\" data-e-type=\"widget\" data-widget_type=\"image.default\">\n\t\t\t\t<div class=\"elementor-widget-container\">\n\t\t\t\t\t\t\t\t\t\t\t\t\t\t\t<img decoding=\"async\" width=\"768\" height=\"239\" src=\"https:\/\/crescit.se\/wp-content\/uploads\/2024\/09\/strivo_logo_svart-1-768x239-1.png\" class=\"elementor-animation-grow attachment-large size-large wp-image-2979\" alt=\"\" srcset=\"https:\/\/crescit.se\/wp-content\/uploads\/2024\/09\/strivo_logo_svart-1-768x239-1.png 768w, https:\/\/crescit.se\/wp-content\/uploads\/2024\/09\/strivo_logo_svart-1-768x239-1-300x93.png 300w, https:\/\/crescit.se\/wp-content\/uploads\/2024\/09\/strivo_logo_svart-1-768x239-1-18x6.png 18w\" sizes=\"(max-width: 768px) 100vw, 768px\" \/>\t\t\t\t\t\t\t\t\t\t\t\t\t\t\t<\/div>\n\t\t\t\t<\/div>\n\t\t\t\t<div class=\"elementor-element elementor-element-undefined-037c2cd elementor-widget-mobile__width-initial elementor-hidden-desktop elementor-hidden-tablet elementor-hidden-mobile elementor-widget elementor-widget-image\" data-id=\"undefined-037c2cd\" data-element_type=\"widget\" data-e-type=\"widget\" data-widget_type=\"image.default\">\n\t\t\t\t<div class=\"elementor-widget-container\">\n\t\t\t\t\t\t\t\t\t\t\t\t\t\t\t<img decoding=\"async\" width=\"1\" height=\"1\" src=\"https:\/\/crescit.se\/wp-content\/uploads\/2024\/09\/maxm.svg\" class=\"elementor-animation-grow attachment-large size-large wp-image-2978\" alt=\"\" \/>\t\t\t\t\t\t\t\t\t\t\t\t\t\t\t<\/div>\n\t\t\t\t<\/div>\n\t\t\t\t<div class=\"elementor-element elementor-element-undefined-fd2c12a elementor-widget-mobile__width-initial elementor-hidden-desktop elementor-hidden-tablet elementor-hidden-mobile elementor-widget elementor-widget-image\" data-id=\"undefined-fd2c12a\" data-element_type=\"widget\" data-e-type=\"widget\" data-widget_type=\"image.default\">\n\t\t\t\t<div class=\"elementor-widget-container\">\n\t\t\t\t\t\t\t\t\t\t\t\t\t\t\t<img loading=\"lazy\" decoding=\"async\" width=\"768\" height=\"232\" src=\"https:\/\/crescit.se\/wp-content\/uploads\/2024\/09\/Avanza_logotyp-768x232-1.webp\" class=\"elementor-animation-grow attachment-large size-large wp-image-2977\" alt=\"\" srcset=\"https:\/\/crescit.se\/wp-content\/uploads\/2024\/09\/Avanza_logotyp-768x232-1.webp 768w, https:\/\/crescit.se\/wp-content\/uploads\/2024\/09\/Avanza_logotyp-768x232-1-300x91.webp 300w, https:\/\/crescit.se\/wp-content\/uploads\/2024\/09\/Avanza_logotyp-768x232-1-18x5.webp 18w\" sizes=\"(max-width: 768px) 100vw, 768px\" \/>\t\t\t\t\t\t\t\t\t\t\t\t\t\t\t<\/div>\n\t\t\t\t<\/div>\n\t\t\t\t\t<\/div>\n\t\t\t\t<\/div>\n\t\t\t\t\t<\/div>\n\t\t\t\t<\/div>\n\t\t\t\t\t<\/div>\n\t\t\t\t<\/div>\n\t\t\t\t<\/div>","protected":false},"excerpt":{"rendered":"<p>Hur kan jag investera? Direktinvestera Direktinvestera hos fondbolaget Genom att teckna andelar direkt hos fondbolaget blir du kund utan mellanh\u00e4nder. Vi sk\u00f6ter administrationen och f\u00f6rser dig som andels\u00e4gare med avr\u00e4kningsnotor samt m\u00e5natliga och \u00e5rliga v\u00e4rdebesked. Klicka p\u00e5 l\u00e4nken nedan f\u00f6r att hitta fullst\u00e4ndig information om den fond du \u00e4r intresserad av, samt respektive fonds teckningsanm\u00e4lan. [&hellip;]<\/p>\n","protected":false},"author":5,"featured_media":0,"parent":0,"menu_order":0,"comment_status":"closed","ping_status":"closed","template":"","meta":{"_acf_changed":false,"footnotes":""},"class_list":["post-2908","page","type-page","status-publish","hentry"],"acf":[],"_links":{"self":[{"href":"https:\/\/crescit.se\/en\/wp-json\/wp\/v2\/pages\/2908","targetHints":{"allow":["GET"]}}],"collection":[{"href":"https:\/\/crescit.se\/en\/wp-json\/wp\/v2\/pages"}],"about":[{"href":"https:\/\/crescit.se\/en\/wp-json\/wp\/v2\/types\/page"}],"author":[{"embeddable":true,"href":"https:\/\/crescit.se\/en\/wp-json\/wp\/v2\/users\/5"}],"replies":[{"embeddable":true,"href":"https:\/\/crescit.se\/en\/wp-json\/wp\/v2\/comments?post=2908"}],"version-history":[{"count":0,"href":"https:\/\/crescit.se\/en\/wp-json\/wp\/v2\/pages\/2908\/revisions"}],"wp:attachment":[{"href":"https:\/\/crescit.se\/en\/wp-json\/wp\/v2\/media?parent=2908"}],"curies":[{"name":"wp","href":"https:\/\/api.w.org\/{rel}","templated":true}]}}