{"id":2909,"date":"2024-08-23T00:08:01","date_gmt":"2024-08-22T22:08:01","guid":{"rendered":"https:\/\/crescit.se\/?page_id=2909"},"modified":"2025-10-14T10:15:36","modified_gmt":"2025-10-14T09:15:36","slug":"fonder","status":"publish","type":"page","link":"https:\/\/crescit.se\/en\/fonder\/","title":{"rendered":"Funds"},"content":{"rendered":"<div data-elementor-type=\"wp-page\" data-elementor-id=\"2909\" class=\"elementor elementor-2909\" data-elementor-post-type=\"page\">\n\t\t\t\t<div class=\"elementor-element elementor-element-3c95ee05 e-flex e-con-boxed e-con e-parent\" data-id=\"3c95ee05\" data-element_type=\"container\" data-e-type=\"container\" data-settings=\"{&quot;background_background&quot;:&quot;classic&quot;}\">\n\t\t\t\t\t<div class=\"e-con-inner\">\n\t\t<div class=\"elementor-element elementor-element-44e00a65 e-flex e-con-boxed e-con e-child\" data-id=\"44e00a65\" data-element_type=\"container\" data-e-type=\"container\">\n\t\t\t\t\t<div class=\"e-con-inner\">\n\t\t\t\t<div class=\"elementor-element elementor-element-3c744f66 elementor-invisible elementor-widget elementor-widget-heading\" data-id=\"3c744f66\" data-element_type=\"widget\" data-e-type=\"widget\" data-settings=\"{&quot;_animation&quot;:&quot;fadeInUp&quot;,&quot;_animation_delay&quot;:200}\" data-widget_type=\"heading.default\">\n\t\t\t\t<div class=\"elementor-widget-container\">\n\t\t\t\t\t<h1 class=\"elementor-heading-title elementor-size-default\">Funds<\/h1>\t\t\t\t<\/div>\n\t\t\t\t<\/div>\n\t\t\t\t<div class=\"elementor-element elementor-element-25a81779 elementor-invisible elementor-widget elementor-widget-heading\" data-id=\"25a81779\" data-element_type=\"widget\" data-e-type=\"widget\" data-settings=\"{&quot;_animation&quot;:&quot;fadeInUp&quot;,&quot;_animation_delay&quot;:300}\" data-widget_type=\"heading.default\">\n\t\t\t\t<div class=\"elementor-widget-container\">\n\t\t\t\t\t<h4 class=\"elementor-heading-title elementor-size-default\">Two funds, two risk profiles<\/h4>\t\t\t\t<\/div>\n\t\t\t\t<\/div>\n\t\t\t\t\t<\/div>\n\t\t\t\t<\/div>\n\t\t\t\t\t<\/div>\n\t\t\t\t<\/div>\n\t\t<div class=\"elementor-element elementor-element-b9d7ebd e-flex e-con-boxed e-con e-parent\" data-id=\"b9d7ebd\" data-element_type=\"container\" data-e-type=\"container\">\n\t\t\t\t\t<div class=\"e-con-inner\">\n\t\t<div class=\"elementor-element elementor-element-4c9d1df7 e-con-full e-flex elementor-invisible e-con e-child\" data-id=\"4c9d1df7\" data-element_type=\"container\" data-e-type=\"container\" data-settings=\"{&quot;animation&quot;:&quot;fadeInLeft&quot;}\">\n\t\t<div class=\"elementor-element elementor-element-7aa47923 e-con-full e-flex elementor-invisible e-con e-child\" data-id=\"7aa47923\" data-element_type=\"container\" data-e-type=\"container\" data-settings=\"{&quot;animation&quot;:&quot;fadeInRight&quot;}\">\n\t\t\t\t<div class=\"elementor-element elementor-element-3dbf5217 elementor-widget elementor-widget-heading\" data-id=\"3dbf5217\" data-element_type=\"widget\" data-e-type=\"widget\" data-widget_type=\"heading.default\">\n\t\t\t\t<div class=\"elementor-widget-container\">\n\t\t\t\t\t<h6 class=\"elementor-heading-title elementor-size-default\">GROW<\/h6>\t\t\t\t<\/div>\n\t\t\t\t<\/div>\n\t\t\t\t<div class=\"elementor-element elementor-element-218ea38c elementor-widget elementor-widget-heading\" data-id=\"218ea38c\" data-element_type=\"widget\" data-e-type=\"widget\" data-widget_type=\"heading.default\">\n\t\t\t\t<div class=\"elementor-widget-container\">\n\t\t\t\t\t<h2 class=\"elementor-heading-title elementor-size-default\">Funds<\/h2>\t\t\t\t<\/div>\n\t\t\t\t<\/div>\n\t\t\t\t<div class=\"elementor-element elementor-element-50249a51 elementor-widget elementor-widget-text-editor\" data-id=\"50249a51\" data-element_type=\"widget\" data-e-type=\"widget\" data-widget_type=\"text-editor.default\">\n\t\t\t\t<div class=\"elementor-widget-container\">\n\t\t\t\t\t\t\t\t\t<p>Crescit offers two funds with different risk profiles and return expectations, all based on the same basic philosophy. Derivatives are central to creating a better return expectation compared to direct investments in stock indexes, where the size and type of positions are adjusted to the fund&#039;s risk appetite. The first fund, Crescit (the original fund), has the lowest risk and the least historical fluctuations. Crescit Protect derives returns from the global stock market and has a higher risk, but continuously protects against major stock market falls. Through these options, investors can choose the level of risk and potential return that best suits their needs.<\/p><p><span class=\"NormalTextRun SCXW206049492 BCX8\" style=\"-webkit-user-drag: none; -webkit-tap-highlight-color: transparent; margin: 0px; padding: 0px; user-select: text; font-family: 'PT Serif', 'PT Serif_EmbeddedFont', 'PT Serif_MSFontService', sans-serif; font-variant-ligatures: none; white-space-collapse: preserve;\">Bi<\/span><span class=\"NormalTextRun SCXW206049492 BCX8\" style=\"-webkit-user-drag: none; -webkit-tap-highlight-color: transparent; margin: 0px; padding: 0px; user-select: text; font-family: 'PT Serif', 'PT Serif_EmbeddedFont', 'PT Serif_MSFontService', sans-serif; font-variant-ligatures: none; white-space-collapse: preserve;\">The chart shows three investment strategies with different allocations between global equities, fixed income and <\/span><span class=\"NormalTextRun SpellingErrorV2Themed SCXW206049492 BCX8\" style=\"-webkit-user-drag: none; -webkit-tap-highlight-color: transparent; margin: 0px; padding: 0px; user-select: text; background-position: 0px 100%; background-repeat: repeat-x; background-image: var(--urlSpellingErrorV2,); border-bottom: 1px solid transparent; font-family: 'PT Serif', 'PT Serif_EmbeddedFont', 'PT Serif_MSFontService', sans-serif; font-variant-ligatures: none; white-space-collapse: preserve;\">Protect<\/span><span class=\"NormalTextRun SCXW206049492 BCX8\" style=\"-webkit-user-drag: none; -webkit-tap-highlight-color: transparent; margin: 0px; padding: 0px; user-select: text; font-family: 'PT Serif', 'PT Serif_EmbeddedFont', 'PT Serif_MSFontService', sans-serif; font-variant-ligatures: none; white-space-collapse: preserve;\">- the program. <\/span><span class=\"NormalTextRun SpellingErrorV2Themed SCXW206049492 BCX8\" style=\"-webkit-user-drag: none; -webkit-tap-highlight-color: transparent; margin: 0px; padding: 0px; user-select: text; background-position: 0px 100%; background-repeat: repeat-x; background-image: var(--urlSpellingErrorV2,); border-bottom: 1px solid transparent; font-family: 'PT Serif', 'PT Serif_EmbeddedFont', 'PT Serif_MSFontService', sans-serif; font-variant-ligatures: none; white-space-collapse: preserve;\">Protect<\/span><span class=\"NormalTextRun SCXW206049492 BCX8\" style=\"-webkit-user-drag: none; -webkit-tap-highlight-color: transparent; margin: 0px; padding: 0px; user-select: text; font-family: 'PT Serif', 'PT Serif_EmbeddedFont', 'PT Serif_MSFontService', sans-serif; font-variant-ligatures: none; white-space-collapse: preserve;\">- program is a strategy in which part of the portfolio is invested in <\/span><span class=\"NormalTextRun SpellingErrorV2Themed SCXW206049492 BCX8\" style=\"-webkit-user-drag: none; -webkit-tap-highlight-color: transparent; margin: 0px; padding: 0px; user-select: text; background-position: 0px 100%; background-repeat: repeat-x; background-image: var(--urlSpellingErrorV2,); border-bottom: 1px solid transparent; font-family: 'PT Serif', 'PT Serif_EmbeddedFont', 'PT Serif_MSFontService', sans-serif; font-variant-ligatures: none; white-space-collapse: preserve;\">Protect<\/span><span class=\"NormalTextRun SCXW206049492 BCX8\" style=\"-webkit-user-drag: none; -webkit-tap-highlight-color: transparent; margin: 0px; padding: 0px; user-select: text; font-family: 'PT Serif', 'PT Serif_EmbeddedFont', 'PT Serif_MSFontService', sans-serif; font-variant-ligatures: none; white-space-collapse: preserve;\">-fonden, which offers a protection mechanism against large stock market falls. <\/span><\/p>\t\t\t\t\t\t\t\t<\/div>\n\t\t\t\t<\/div>\n\t\t\t\t<div class=\"elementor-element elementor-element-76569c1d elementor-widget elementor-widget-image\" data-id=\"76569c1d\" data-element_type=\"widget\" data-e-type=\"widget\" data-widget_type=\"image.default\">\n\t\t\t\t<div class=\"elementor-widget-container\">\n\t\t\t\t\t\t\t\t\t\t\t\t\t\t\t<img fetchpriority=\"high\" decoding=\"async\" width=\"4159\" height=\"1639\" src=\"https:\/\/crescit.se\/wp-content\/uploads\/2024\/11\/Fonder.png\" class=\"attachment-full size-full wp-image-3213\" alt=\"\" srcset=\"https:\/\/crescit.se\/wp-content\/uploads\/2024\/11\/Fonder.png 4159w, https:\/\/crescit.se\/wp-content\/uploads\/2024\/11\/Fonder-300x118.png 300w, https:\/\/crescit.se\/wp-content\/uploads\/2024\/11\/Fonder-1024x404.png 1024w, https:\/\/crescit.se\/wp-content\/uploads\/2024\/11\/Fonder-768x303.png 768w, https:\/\/crescit.se\/wp-content\/uploads\/2024\/11\/Fonder-1536x605.png 1536w, https:\/\/crescit.se\/wp-content\/uploads\/2024\/11\/Fonder-2048x807.png 2048w, https:\/\/crescit.se\/wp-content\/uploads\/2024\/11\/Fonder-18x7.png 18w\" sizes=\"(max-width: 4159px) 100vw, 4159px\" \/>\t\t\t\t\t\t\t\t\t\t\t\t\t\t\t<\/div>\n\t\t\t\t<\/div>\n\t\t\t\t<\/div>\n\t\t\t\t<\/div>\n\t\t\t\t\t<\/div>\n\t\t\t\t<\/div>\n\t\t<div class=\"elementor-element elementor-element-f21f868 e-flex e-con-boxed e-con e-parent\" data-id=\"f21f868\" data-element_type=\"container\" data-e-type=\"container\">\n\t\t\t\t\t<div class=\"e-con-inner\">\n\t\t<div class=\"elementor-element elementor-element-8413eed e-con-full e-flex elementor-invisible e-con e-child\" data-id=\"8413eed\" data-element_type=\"container\" data-e-type=\"container\" data-settings=\"{&quot;animation&quot;:&quot;fadeInRight&quot;}\">\n\t\t\t\t<div class=\"elementor-element elementor-element-5aaad88 elementor-widget elementor-widget-heading\" data-id=\"5aaad88\" data-element_type=\"widget\" data-e-type=\"widget\" data-widget_type=\"heading.default\">\n\t\t\t\t<div class=\"elementor-widget-container\">\n\t\t\t\t\t<h6 class=\"elementor-heading-title elementor-size-default\">FUND<\/h6>\t\t\t\t<\/div>\n\t\t\t\t<\/div>\n\t\t\t\t<div class=\"elementor-element elementor-element-40aaed3 elementor-widget elementor-widget-heading\" data-id=\"40aaed3\" data-element_type=\"widget\" data-e-type=\"widget\" data-widget_type=\"heading.default\">\n\t\t\t\t<div class=\"elementor-widget-container\">\n\t\t\t\t\t<h2 class=\"elementor-heading-title elementor-size-default\">Crescit<\/h2>\t\t\t\t<\/div>\n\t\t\t\t<\/div>\n\t\t\t\t<div class=\"elementor-element elementor-element-8600a33 elementor-widget elementor-widget-text-editor\" data-id=\"8600a33\" data-element_type=\"widget\" data-e-type=\"widget\" data-widget_type=\"text-editor.default\">\n\t\t\t\t<div class=\"elementor-widget-container\">\n\t\t\t\t\t\t\t\t\t<p><span class=\"TextRun SCXW162786549 BCX8\" lang=\"SV-SE\" xml:lang=\"SV-SE\" data-contrast=\"auto\"><span class=\"NormalTextRun SpellingErrorV2Themed SCXW162786549 BCX8\">Crescit<\/span><span class=\"NormalTextRun SCXW162786549 BCX8\"> offers an innovative investment strategy with global equity exposure that combines equity market upside with robust downside protection, delivering strong risk-adjusted returns. The basis of the fund is interest management with low risk and short fixed interest rates.<\/span><\/span><\/p><p><span class=\"TextRun SCXW162786549 BCX8\" lang=\"SV-SE\" xml:lang=\"SV-SE\" data-contrast=\"auto\"><span class=\"NormalTextRun SCXW162786549 BCX8\">By using options and other derivatives to actively manage market risk, the fund reduces volatility and avoids heavy losses, especially in turbulent market conditions such as during the Covid crisis 2020. The strategy is flexible and continuously adjusted to maximize returns while keeping risk low, making it ideal for investors seeking growth with protected capital. <\/span><\/span><\/p><p><span class=\"TextRun SCXW162786549 BCX8\" lang=\"SV-SE\" xml:lang=\"SV-SE\" data-contrast=\"auto\"><span class=\"NormalTextRun SpellingErrorV2Themed SCXW162786549 BCX8\">Crescit<\/span><span class=\"NormalTextRun SCXW162786549 BCX8\"> focuses on liquidity management and short-term tactical trading, providing opportunities for higher returns in both up and down phases. The fund is an excellent choice for investors seeking a balance between stability and growth, with lower risk than traditional equity investments.<\/span><\/span><\/p>\t\t\t\t\t\t\t\t<\/div>\n\t\t\t\t<\/div>\n\t\t\t\t<div class=\"elementor-element elementor-element-84460a8 elementor-widget elementor-widget-button\" data-id=\"84460a8\" data-element_type=\"widget\" data-e-type=\"widget\" data-widget_type=\"button.default\">\n\t\t\t\t<div class=\"elementor-widget-container\">\n\t\t\t\t\t\t\t\t\t<div class=\"elementor-button-wrapper\">\n\t\t\t\t\t<a class=\"elementor-button elementor-button-link elementor-size-sm\" href=\"\/en\/fonder\/crescit\/\">\n\t\t\t\t\t\t<span class=\"elementor-button-content-wrapper\">\n\t\t\t\t\t\t\t\t\t<span class=\"elementor-button-text\">Read more<\/span>\n\t\t\t\t\t<\/span>\n\t\t\t\t\t<\/a>\n\t\t\t\t<\/div>\n\t\t\t\t\t\t\t\t<\/div>\n\t\t\t\t<\/div>\n\t\t\t\t<\/div>\n\t\t<div class=\"elementor-element elementor-element-7678ca6 e-con-full e-flex elementor-invisible e-con e-child\" data-id=\"7678ca6\" data-element_type=\"container\" data-e-type=\"container\" data-settings=\"{&quot;animation&quot;:&quot;fadeInLeft&quot;}\">\n\t\t\t\t<div class=\"elementor-element elementor-element-9c5e223 elementor-widget elementor-widget-image\" data-id=\"9c5e223\" data-element_type=\"widget\" data-e-type=\"widget\" data-widget_type=\"image.default\">\n\t\t\t\t<div class=\"elementor-widget-container\">\n\t\t\t\t\t\t\t\t\t\t\t\t\t\t\t<img decoding=\"async\" width=\"768\" height=\"512\" src=\"https:\/\/crescit.se\/wp-content\/uploads\/2024\/11\/chris-li-6Y6OnwBKk-o-unsplash-768x512.jpg\" class=\"attachment-medium_large size-medium_large wp-image-3187\" alt=\"\" srcset=\"https:\/\/crescit.se\/wp-content\/uploads\/2024\/11\/chris-li-6Y6OnwBKk-o-unsplash-768x512.jpg 768w, https:\/\/crescit.se\/wp-content\/uploads\/2024\/11\/chris-li-6Y6OnwBKk-o-unsplash-300x200.jpg 300w, https:\/\/crescit.se\/wp-content\/uploads\/2024\/11\/chris-li-6Y6OnwBKk-o-unsplash-1024x683.jpg 1024w, https:\/\/crescit.se\/wp-content\/uploads\/2024\/11\/chris-li-6Y6OnwBKk-o-unsplash-1536x1024.jpg 1536w, https:\/\/crescit.se\/wp-content\/uploads\/2024\/11\/chris-li-6Y6OnwBKk-o-unsplash-2048x1365.jpg 2048w, https:\/\/crescit.se\/wp-content\/uploads\/2024\/11\/chris-li-6Y6OnwBKk-o-unsplash-18x12.jpg 18w\" sizes=\"(max-width: 768px) 100vw, 768px\" \/>\t\t\t\t\t\t\t\t\t\t\t\t\t\t\t<\/div>\n\t\t\t\t<\/div>\n\t\t\t\t<\/div>\n\t\t\t\t\t<\/div>\n\t\t\t\t<\/div>\n\t\t<div class=\"elementor-element elementor-element-9dd8f61 e-flex e-con-boxed e-con e-parent\" data-id=\"9dd8f61\" data-element_type=\"container\" data-e-type=\"container\">\n\t\t\t\t\t<div class=\"e-con-inner\">\n\t\t<div class=\"elementor-element elementor-element-190cdc5 e-con-full e-flex elementor-invisible e-con e-child\" data-id=\"190cdc5\" data-element_type=\"container\" data-e-type=\"container\" data-settings=\"{&quot;animation&quot;:&quot;fadeInLeft&quot;}\">\n\t\t\t\t<div class=\"elementor-element elementor-element-9105c42 elementor-widget elementor-widget-image\" data-id=\"9105c42\" data-element_type=\"widget\" data-e-type=\"widget\" data-widget_type=\"image.default\">\n\t\t\t\t<div class=\"elementor-widget-container\">\n\t\t\t\t\t\t\t\t\t\t\t\t\t\t\t<img decoding=\"async\" width=\"1600\" height=\"1138\" src=\"https:\/\/crescit.se\/wp-content\/uploads\/2024\/10\/220237.jpg\" class=\"attachment-full size-full wp-image-3127\" alt=\"Grayscale Photography of Chain\" srcset=\"https:\/\/crescit.se\/wp-content\/uploads\/2024\/10\/220237.jpg 1600w, https:\/\/crescit.se\/wp-content\/uploads\/2024\/10\/220237-300x213.jpg 300w, https:\/\/crescit.se\/wp-content\/uploads\/2024\/10\/220237-1024x728.jpg 1024w, https:\/\/crescit.se\/wp-content\/uploads\/2024\/10\/220237-768x546.jpg 768w, https:\/\/crescit.se\/wp-content\/uploads\/2024\/10\/220237-1536x1092.jpg 1536w, https:\/\/crescit.se\/wp-content\/uploads\/2024\/10\/220237-18x12.jpg 18w\" sizes=\"(max-width: 1600px) 100vw, 1600px\" \/>\t\t\t\t\t\t\t\t\t\t\t\t\t\t\t<\/div>\n\t\t\t\t<\/div>\n\t\t\t\t<\/div>\n\t\t<div class=\"elementor-element elementor-element-0fb8e70 e-con-full e-flex elementor-invisible e-con e-child\" data-id=\"0fb8e70\" data-element_type=\"container\" data-e-type=\"container\" data-settings=\"{&quot;animation&quot;:&quot;fadeInRight&quot;}\">\n\t\t\t\t<div class=\"elementor-element elementor-element-4f9839a elementor-widget elementor-widget-heading\" data-id=\"4f9839a\" data-element_type=\"widget\" data-e-type=\"widget\" data-widget_type=\"heading.default\">\n\t\t\t\t<div class=\"elementor-widget-container\">\n\t\t\t\t\t<h6 class=\"elementor-heading-title elementor-size-default\">Fund<\/h6>\t\t\t\t<\/div>\n\t\t\t\t<\/div>\n\t\t\t\t<div class=\"elementor-element elementor-element-1daebcb elementor-widget elementor-widget-heading\" data-id=\"1daebcb\" data-element_type=\"widget\" data-e-type=\"widget\" data-widget_type=\"heading.default\">\n\t\t\t\t<div class=\"elementor-widget-container\">\n\t\t\t\t\t<h2 class=\"elementor-heading-title elementor-size-default\">Crescit Protect<\/h2>\t\t\t\t<\/div>\n\t\t\t\t<\/div>\n\t\t\t\t<div class=\"elementor-element elementor-element-d17dad0 elementor-widget elementor-widget-text-editor\" data-id=\"d17dad0\" data-element_type=\"widget\" data-e-type=\"widget\" data-widget_type=\"text-editor.default\">\n\t\t\t\t<div class=\"elementor-widget-container\">\n\t\t\t\t\t\t\t\t\t<p><span class=\"NormalTextRun SCXW97594731 BCX8\">With a focus on capital preservation and risk-adjusted returns, offers <\/span><span class=\"NormalTextRun SpellingErrorV2Themed SCXW97594731 BCX8\">Protect<\/span><span class=\"NormalTextRun SCXW97594731 BCX8\"> an efficient equity exposure with limited downside, ideal for investors seeking stable growth over time. <\/span><\/p><p><span class=\"NormalTextRun SCXW97594731 BCX8\">The fund is globally diversified and utilizes the stock market&#039;s positive long-term returns by systematically protecting against the market&#039;s biggest declines. <\/span><\/p><p><span class=\"NormalTextRun SCXW97594731 BCX8\">Through an ongoing portfolio protection strategy, the fund reduces the risk of suffering heavy losses, which was proven during the market crash in spring 2020 when the fund <\/span><span class=\"NormalTextRun SCXW97594731 BCX8\">only fell by -8<\/span><span class=\"NormalTextRun SCXW97594731 BCX8\">% while world indices fell<\/span> <span class=\"NormalTextRun SCXW97594731 BCX8\">with a full \u201334% during the same period<\/span><span class=\"NormalTextRun SCXW97594731 BCX8\">. The fund sells the least likely upside in the short term to fund protection, providing a stable return<\/span><span class=\"NormalTextRun SCXW97594731 BCX8\">spot potential<\/span><span class=\"NormalTextRun SCXW97594731 BCX8\">.<\/span><\/p>\t\t\t\t\t\t\t\t<\/div>\n\t\t\t\t<\/div>\n\t\t\t\t<div class=\"elementor-element elementor-element-6a66794 elementor-widget elementor-widget-button\" data-id=\"6a66794\" data-element_type=\"widget\" data-e-type=\"widget\" data-widget_type=\"button.default\">\n\t\t\t\t<div class=\"elementor-widget-container\">\n\t\t\t\t\t\t\t\t\t<div class=\"elementor-button-wrapper\">\n\t\t\t\t\t<a class=\"elementor-button elementor-button-link elementor-size-sm\" href=\"\/en\/fonder\/protect\/\">\n\t\t\t\t\t\t<span class=\"elementor-button-content-wrapper\">\n\t\t\t\t\t\t\t\t\t<span class=\"elementor-button-text\">Read more<\/span>\n\t\t\t\t\t<\/span>\n\t\t\t\t\t<\/a>\n\t\t\t\t<\/div>\n\t\t\t\t\t\t\t\t<\/div>\n\t\t\t\t<\/div>\n\t\t\t\t<\/div>\n\t\t\t\t\t<\/div>\n\t\t\t\t<\/div>\n\t\t<div class=\"elementor-element elementor-element-5244065 elementor-hidden-desktop elementor-hidden-tablet elementor-hidden-mobile e-flex e-con-boxed e-con e-parent\" data-id=\"5244065\" data-element_type=\"container\" data-e-type=\"container\">\n\t\t\t\t\t<div class=\"e-con-inner\">\n\t\t<div class=\"elementor-element elementor-element-ea60f00 e-con-full e-flex elementor-invisible e-con e-child\" data-id=\"ea60f00\" data-element_type=\"container\" data-e-type=\"container\" data-settings=\"{&quot;animation&quot;:&quot;fadeInLeft&quot;}\">\n\t\t\t\t<div class=\"elementor-element elementor-element-9a9efc4 elementor-widget elementor-widget-image\" data-id=\"9a9efc4\" data-element_type=\"widget\" data-e-type=\"widget\" data-widget_type=\"image.default\">\n\t\t\t\t<div class=\"elementor-widget-container\">\n\t\t\t\t\t\t\t\t\t\t\t\t\t\t\t<img loading=\"lazy\" decoding=\"async\" width=\"1280\" height=\"960\" src=\"https:\/\/crescit.se\/wp-content\/uploads\/2024\/10\/620707.jpg\" class=\"attachment-full size-full wp-image-3125\" alt=\"abstract, design, digital\" srcset=\"https:\/\/crescit.se\/wp-content\/uploads\/2024\/10\/620707.jpg 1280w, https:\/\/crescit.se\/wp-content\/uploads\/2024\/10\/620707-300x225.jpg 300w, https:\/\/crescit.se\/wp-content\/uploads\/2024\/10\/620707-1024x768.jpg 1024w, https:\/\/crescit.se\/wp-content\/uploads\/2024\/10\/620707-768x576.jpg 768w, https:\/\/crescit.se\/wp-content\/uploads\/2024\/10\/620707-16x12.jpg 16w\" sizes=\"(max-width: 1280px) 100vw, 1280px\" \/>\t\t\t\t\t\t\t\t\t\t\t\t\t\t\t<\/div>\n\t\t\t\t<\/div>\n\t\t\t\t<\/div>\n\t\t<div class=\"elementor-element elementor-element-58b2f65 e-con-full e-flex elementor-invisible e-con e-child\" data-id=\"58b2f65\" data-element_type=\"container\" data-e-type=\"container\" data-settings=\"{&quot;animation&quot;:&quot;fadeInRight&quot;}\">\n\t\t\t\t<div class=\"elementor-element elementor-element-aec5a4d elementor-widget elementor-widget-heading\" data-id=\"aec5a4d\" data-element_type=\"widget\" data-e-type=\"widget\" data-widget_type=\"heading.default\">\n\t\t\t\t<div class=\"elementor-widget-container\">\n\t\t\t\t\t<h6 class=\"elementor-heading-title elementor-size-default\">Fund<\/h6>\t\t\t\t<\/div>\n\t\t\t\t<\/div>\n\t\t\t\t<div class=\"elementor-element elementor-element-9dcd76d elementor-widget elementor-widget-heading\" data-id=\"9dcd76d\" data-element_type=\"widget\" data-e-type=\"widget\" data-widget_type=\"heading.default\">\n\t\t\t\t<div class=\"elementor-widget-container\">\n\t\t\t\t\t<h2 class=\"elementor-heading-title elementor-size-default\">Growth Dynamic<\/h2>\t\t\t\t<\/div>\n\t\t\t\t<\/div>\n\t\t\t\t<div class=\"elementor-element elementor-element-7f8c5e9 elementor-widget elementor-widget-text-editor\" data-id=\"7f8c5e9\" data-element_type=\"widget\" data-e-type=\"widget\" data-widget_type=\"text-editor.default\">\n\t\t\t\t<div class=\"elementor-widget-container\">\n\t\t\t\t\t\t\t\t\t<p><span class=\"NormalTextRun SCXW97594731 BCX8\">With a focus on capital preservation and risk-adjusted returns, offers <\/span><span class=\"NormalTextRun SpellingErrorV2Themed SCXW97594731 BCX8\">Protect<\/span><span class=\"NormalTextRun SCXW97594731 BCX8\"> an efficient equity exposure with limited downside, ideal for investors seeking stable growth over time. <\/span><\/p><p><span class=\"NormalTextRun SCXW97594731 BCX8\">The fund is globally diversified and utilizes the stock market&#039;s positive long-term returns by systematically protecting against the market&#039;s biggest declines. <\/span><\/p><p><span class=\"NormalTextRun SCXW97594731 BCX8\">Through an ongoing portfolio protection strategy, the fund reduces the risk of suffering heavy losses, which was proven during the market crash in spring 2020 when the fund <\/span><span class=\"NormalTextRun SCXW97594731 BCX8\">only fell by -8<\/span><span class=\"NormalTextRun SCXW97594731 BCX8\">% while world indices fell<\/span> <span class=\"NormalTextRun SCXW97594731 BCX8\">with a full \u201334% during the same period<\/span><span class=\"NormalTextRun SCXW97594731 BCX8\">. The fund sells the least likely upside in the short term to fund protection, providing a stable return<\/span><span class=\"NormalTextRun SCXW97594731 BCX8\">spot potential<\/span><span class=\"NormalTextRun SCXW97594731 BCX8\">.<\/span><\/p>\t\t\t\t\t\t\t\t<\/div>\n\t\t\t\t<\/div>\n\t\t\t\t<div class=\"elementor-element elementor-element-a85e449 elementor-widget elementor-widget-button\" data-id=\"a85e449\" data-element_type=\"widget\" data-e-type=\"widget\" data-widget_type=\"button.default\">\n\t\t\t\t<div class=\"elementor-widget-container\">\n\t\t\t\t\t\t\t\t\t<div class=\"elementor-button-wrapper\">\n\t\t\t\t\t<a class=\"elementor-button elementor-button-link elementor-size-sm\" href=\"\/en\/fonder\/dynamic\/\">\n\t\t\t\t\t\t<span class=\"elementor-button-content-wrapper\">\n\t\t\t\t\t\t\t\t\t<span class=\"elementor-button-text\">Read more<\/span>\n\t\t\t\t\t<\/span>\n\t\t\t\t\t<\/a>\n\t\t\t\t<\/div>\n\t\t\t\t\t\t\t\t<\/div>\n\t\t\t\t<\/div>\n\t\t\t\t<\/div>\n\t\t\t\t\t<\/div>\n\t\t\t\t<\/div>\n\t\t\t\t<\/div>","protected":false},"excerpt":{"rendered":"<p>Fonder Tv\u00e5 fonder, tv\u00e5 riskprofiler CRESCIT Fonder Crescit erbjuder tv\u00e5 fonder med olika riskprofiler och avkastningsf\u00f6rv\u00e4ntningar, alla baserade p\u00e5 samma grundfilosofi. Derivat \u00e4r centralt f\u00f6r att skapa en b\u00e4ttre avkastningsf\u00f6rv\u00e4ntan j\u00e4mf\u00f6rt med direktinvesteringar i aktieindex, d\u00e4r positionernas storlek och typ anpassas efter fondens riskaptit. Den f\u00f6rsta fonden, Crescit (ursprungsfonden), har l\u00e4gst risk och minst historiska [&hellip;]<\/p>\n","protected":false},"author":5,"featured_media":0,"parent":0,"menu_order":0,"comment_status":"closed","ping_status":"closed","template":"elementor_header_footer","meta":{"_acf_changed":false,"footnotes":""},"class_list":["post-2909","page","type-page","status-publish","hentry"],"acf":[],"_links":{"self":[{"href":"https:\/\/crescit.se\/en\/wp-json\/wp\/v2\/pages\/2909","targetHints":{"allow":["GET"]}}],"collection":[{"href":"https:\/\/crescit.se\/en\/wp-json\/wp\/v2\/pages"}],"about":[{"href":"https:\/\/crescit.se\/en\/wp-json\/wp\/v2\/types\/page"}],"author":[{"embeddable":true,"href":"https:\/\/crescit.se\/en\/wp-json\/wp\/v2\/users\/5"}],"replies":[{"embeddable":true,"href":"https:\/\/crescit.se\/en\/wp-json\/wp\/v2\/comments?post=2909"}],"version-history":[{"count":0,"href":"https:\/\/crescit.se\/en\/wp-json\/wp\/v2\/pages\/2909\/revisions"}],"wp:attachment":[{"href":"https:\/\/crescit.se\/en\/wp-json\/wp\/v2\/media?parent=2909"}],"curies":[{"name":"wp","href":"https:\/\/api.w.org\/{rel}","templated":true}]}}